{"id":2,"date":"2025-01-29T19:39:21","date_gmt":"2025-01-29T19:39:21","guid":{"rendered":"https:\/\/ship.se16.ch\/?page_id=2"},"modified":"2025-02-25T17:41:39","modified_gmt":"2025-02-25T17:41:39","slug":"sample-page","status":"publish","type":"page","link":"https:\/\/ship.se16.ch\/index.php\/sample-page\/","title":{"rendered":"MSC World Europa"},"content":{"rendered":"<p>&nbsp;<\/p>\n<p><strong>Die MSC World Europa ist das erste Schiff der World-Class-Serie von MSC Cruises und z\u00e4hlt mit einer L\u00e4nge von 333 Metern und einer Kapazit\u00e4t von \u00fcber 6.700 Passagieren zu den gr\u00f6\u00dften Kreuzfahrtschiffen der Welt. Sie wurde 2022 in Dienst gestellt und setzt neue Ma\u00dfst\u00e4be in puncto Design, Nachhaltigkeit und Innovation. Ihr Rufzeichen ist 9HA5682, und sie tr\u00e4gt die MMSI-Nummer 256070000.<\/strong><\/p>\n<p><strong>Ein besonderes Merkmal ist ihr nachhaltiger LNG-Antrieb, der die Emissionen im Vergleich zu herk\u00f6mmlichen Schiffen deutlich reduziert. Zudem verf\u00fcgt sie \u00fcber modernste Abwasseraufbereitungssysteme, energieeffiziente Technologien und eine spezielle Rumpfform, die den Treibstoffverbrauch senkt.<\/strong><\/p>\n<p><strong>Das Schiff beeindruckt mit einer offenen Promenade, die sich \u00fcber mehrere Decks erstreckt, und einer spektakul\u00e4ren 11 Decks hohen Trockenrutsche, die Adrenalin-Fans begeistert. G\u00e4ste k\u00f6nnen sich in \u00fcber 30 Restaurants, Bars und Lounges kulinarisch verw\u00f6hnen lassen, darunter das exklusive Chef\u2019s Garden Kitchen und das Kaito Teppanyaki &amp; Sushi Bar.<\/strong><\/p>\n<p><strong>F\u00fcr Unterhaltung sorgen Theater-Shows, ein High-Tech-Vergn\u00fcgungsbereich, mehrere Pools und ein gro\u00dfer Wasserpark. Auch Familien kommen auf ihre Kosten: Es gibt spezielle Bereiche f\u00fcr Kinder und Jugendliche sowie interaktive Erlebnisse.<\/strong><\/p>\n<p><strong>Die MSC World Europa f\u00e4hrt haupts\u00e4chlich im Mittelmeer und bietet dabei luxuri\u00f6se Kabinen, darunter Duplex-Suiten mit privatem Whirlpool, Innenkabinen mit virtuellem Balkon und exklusive MSC Yacht Club-Suiten, die ein H\u00f6chstma\u00df an Komfort und pers\u00f6nlichen Service versprechen.<\/strong><\/p>\n<p><strong>Anbei noch ein paar Links<\/strong><\/p>\n<p><a href=\"https:\/\/www.marinetraffic.com\/en\/ais\/details\/ships\/shipid:7129879\/mmsi:256070000\/imo:9837420\/vessel:MSC_WORLD_EUROPA\" target=\"_blank\" rel=\"noopener\">Aktuelle Position bei Marine Traffic<\/a><\/p>\n<p><a href=\"https:\/\/www.cruisetricks.de\/msc-world-europa-groesser-eleganter-vielfaeltiger\/\" target=\"_blank\" rel=\"noopener\">Bericht von Franz Neumeier<\/a><\/p>\n<p><a href=\"https:\/\/www.cruisemapper.com\/deckplans\/MSC-World-Europa-2183#google_vignette\" target=\"_blank\" rel=\"noopener\">Deckplan<\/a><\/p>\n<p><a href=\"https:\/\/www.youtube.com\/watch?v=kRtEoavjFFY\" target=\"_blank\" rel=\"noopener\">Taufe<\/a><\/p>\n<p><a href=\"https:\/\/www.youtube.com\/watch?v=cYJvkeSffoo\" target=\"_blank\" rel=\"noopener\">Spot von MSC<\/a><\/p>\n<p><a href=\"https:\/\/www.youtube.com\/watch?v=itejKaxTrbo\" target=\"_blank\" rel=\"noopener\">Kabine 18009 (ich bin in 18007)<\/a><\/p>\n<p><a href=\"https:\/\/www.youtube.com\/watch?v=w-dgPXPXBAk\" target=\"_blank\" rel=\"noopener\">Eine Woche im Yacht Club<\/a><\/p>\n<p><a href=\"https:\/\/www.youtube.com\/watch?v=4WnSxzJyeZk\" target=\"_blank\" rel=\"noopener\">Ich muss mal Schnell aufs untere Dreck<\/a><\/p>\n<p>&nbsp;<\/p>\n<p>&nbsp;<\/p>\n<p>&nbsp;<\/p>\n<p>&nbsp;<\/p>\n<p>&nbsp;<\/p>\n<p>&nbsp;<\/p>\n<p>&nbsp;<\/p>\n<p>&nbsp;<\/p>\n<p>&nbsp;<\/p>\n","protected":false},"excerpt":{"rendered":"<p>&nbsp; Die MSC World Europa ist das erste Schiff der World-Class-Serie von MSC Cruises und z\u00e4hlt mit einer L\u00e4nge von 333 Metern und einer Kapazit\u00e4t von \u00fcber 6.700 Passagieren zu den gr\u00f6\u00dften Kreuzfahrtschiffen der Welt. Sie wurde 2022 in Dienst &hellip; <a href=\"https:\/\/ship.se16.ch\/index.php\/sample-page\/\">Weiterlesen <span class=\"meta-nav\">&rarr;<\/span><\/a><\/p>\n","protected":false},"author":1,"featured_media":0,"parent":0,"menu_order":0,"comment_status":"closed","ping_status":"open","template":"","meta":{"footnotes":""},"class_list":["post-2","page","type-page","status-publish","hentry"],"yoast_head":"<!-- This site is optimized with the Yoast SEO plugin v24.6 - https:\/\/yoast.com\/wordpress\/plugins\/seo\/ -->\n<title>MSC World Europa - Chris @ MSC World Europa<\/title>\n<meta name=\"robots\" content=\"index, follow, max-snippet:-1, max-image-preview:large, max-video-preview:-1\" \/>\n<link rel=\"canonical\" href=\"https:\/\/ship.se16.ch\/index.php\/sample-page\/\" \/>\n<meta property=\"og:locale\" content=\"de_DE\" \/>\n<meta property=\"og:type\" content=\"article\" \/>\n<meta property=\"og:title\" content=\"MSC World Europa - Chris @ MSC World Europa\" \/>\n<meta property=\"og:description\" content=\"&nbsp; Die MSC World Europa ist das erste Schiff der World-Class-Serie von MSC Cruises und z\u00e4hlt mit einer L\u00e4nge von 333 Metern und einer Kapazit\u00e4t von \u00fcber 6.700 Passagieren zu den gr\u00f6\u00dften Kreuzfahrtschiffen der Welt. Sie wurde 2022 in Dienst &hellip; Weiterlesen &rarr;\" \/>\n<meta property=\"og:url\" content=\"https:\/\/ship.se16.ch\/index.php\/sample-page\/\" \/>\n<meta property=\"og:site_name\" content=\"Chris @ MSC World Europa\" \/>\n<meta property=\"article:modified_time\" content=\"2025-02-25T17:41:39+00:00\" \/>\n<meta name=\"twitter:card\" content=\"summary_large_image\" \/>\n<meta name=\"twitter:label1\" content=\"Gesch\u00e4tzte Lesezeit\" \/>\n\t<meta name=\"twitter:data1\" content=\"2\u00a0Minuten\" \/>\n<script type=\"application\/ld+json\" class=\"yoast-schema-graph\">{\"@context\":\"https:\/\/schema.org\",\"@graph\":[{\"@type\":\"WebPage\",\"@id\":\"https:\/\/ship.se16.ch\/index.php\/sample-page\/\",\"url\":\"https:\/\/ship.se16.ch\/index.php\/sample-page\/\",\"name\":\"MSC World Europa - Chris @ MSC World Europa\",\"isPartOf\":{\"@id\":\"https:\/\/ship.se16.ch\/#website\"},\"datePublished\":\"2025-01-29T19:39:21+00:00\",\"dateModified\":\"2025-02-25T17:41:39+00:00\",\"breadcrumb\":{\"@id\":\"https:\/\/ship.se16.ch\/index.php\/sample-page\/#breadcrumb\"},\"inLanguage\":\"de\",\"potentialAction\":[{\"@type\":\"ReadAction\",\"target\":[\"https:\/\/ship.se16.ch\/index.php\/sample-page\/\"]}]},{\"@type\":\"BreadcrumbList\",\"@id\":\"https:\/\/ship.se16.ch\/index.php\/sample-page\/#breadcrumb\",\"itemListElement\":[{\"@type\":\"ListItem\",\"position\":1,\"name\":\"Startseite\",\"item\":\"https:\/\/ship.se16.ch\/\"},{\"@type\":\"ListItem\",\"position\":2,\"name\":\"MSC World Europa\"}]},{\"@type\":\"WebSite\",\"@id\":\"https:\/\/ship.se16.ch\/#website\",\"url\":\"https:\/\/ship.se16.ch\/\",\"name\":\"Chris @ MSC World Europa\",\"description\":\"\",\"potentialAction\":[{\"@type\":\"SearchAction\",\"target\":{\"@type\":\"EntryPoint\",\"urlTemplate\":\"https:\/\/ship.se16.ch\/?s={search_term_string}\"},\"query-input\":{\"@type\":\"PropertyValueSpecification\",\"valueRequired\":true,\"valueName\":\"search_term_string\"}}],\"inLanguage\":\"de\"}]}<\/script>\n<!-- \/ Yoast SEO plugin. -->","yoast_head_json":{"title":"MSC World Europa - Chris @ MSC World Europa","robots":{"index":"index","follow":"follow","max-snippet":"max-snippet:-1","max-image-preview":"max-image-preview:large","max-video-preview":"max-video-preview:-1"},"canonical":"https:\/\/ship.se16.ch\/index.php\/sample-page\/","og_locale":"de_DE","og_type":"article","og_title":"MSC World Europa - Chris @ MSC World Europa","og_description":"&nbsp; Die MSC World Europa ist das erste Schiff der World-Class-Serie von MSC Cruises und z\u00e4hlt mit einer L\u00e4nge von 333 Metern und einer Kapazit\u00e4t von \u00fcber 6.700 Passagieren zu den gr\u00f6\u00dften Kreuzfahrtschiffen der Welt. Sie wurde 2022 in Dienst &hellip; Weiterlesen &rarr;","og_url":"https:\/\/ship.se16.ch\/index.php\/sample-page\/","og_site_name":"Chris @ MSC World Europa","article_modified_time":"2025-02-25T17:41:39+00:00","twitter_card":"summary_large_image","twitter_misc":{"Gesch\u00e4tzte Lesezeit":"2\u00a0Minuten"},"schema":{"@context":"https:\/\/schema.org","@graph":[{"@type":"WebPage","@id":"https:\/\/ship.se16.ch\/index.php\/sample-page\/","url":"https:\/\/ship.se16.ch\/index.php\/sample-page\/","name":"MSC World Europa - Chris @ MSC World Europa","isPartOf":{"@id":"https:\/\/ship.se16.ch\/#website"},"datePublished":"2025-01-29T19:39:21+00:00","dateModified":"2025-02-25T17:41:39+00:00","breadcrumb":{"@id":"https:\/\/ship.se16.ch\/index.php\/sample-page\/#breadcrumb"},"inLanguage":"de","potentialAction":[{"@type":"ReadAction","target":["https:\/\/ship.se16.ch\/index.php\/sample-page\/"]}]},{"@type":"BreadcrumbList","@id":"https:\/\/ship.se16.ch\/index.php\/sample-page\/#breadcrumb","itemListElement":[{"@type":"ListItem","position":1,"name":"Startseite","item":"https:\/\/ship.se16.ch\/"},{"@type":"ListItem","position":2,"name":"MSC World Europa"}]},{"@type":"WebSite","@id":"https:\/\/ship.se16.ch\/#website","url":"https:\/\/ship.se16.ch\/","name":"Chris @ MSC World Europa","description":"","potentialAction":[{"@type":"SearchAction","target":{"@type":"EntryPoint","urlTemplate":"https:\/\/ship.se16.ch\/?s={search_term_string}"},"query-input":{"@type":"PropertyValueSpecification","valueRequired":true,"valueName":"search_term_string"}}],"inLanguage":"de"}]}},"_links":{"self":[{"href":"https:\/\/ship.se16.ch\/index.php\/wp-json\/wp\/v2\/pages\/2","targetHints":{"allow":["GET"]}}],"collection":[{"href":"https:\/\/ship.se16.ch\/index.php\/wp-json\/wp\/v2\/pages"}],"about":[{"href":"https:\/\/ship.se16.ch\/index.php\/wp-json\/wp\/v2\/types\/page"}],"author":[{"embeddable":true,"href":"https:\/\/ship.se16.ch\/index.php\/wp-json\/wp\/v2\/users\/1"}],"replies":[{"embeddable":true,"href":"https:\/\/ship.se16.ch\/index.php\/wp-json\/wp\/v2\/comments?post=2"}],"version-history":[{"count":4,"href":"https:\/\/ship.se16.ch\/index.php\/wp-json\/wp\/v2\/pages\/2\/revisions"}],"predecessor-version":[{"id":124,"href":"https:\/\/ship.se16.ch\/index.php\/wp-json\/wp\/v2\/pages\/2\/revisions\/124"}],"wp:attachment":[{"href":"https:\/\/ship.se16.ch\/index.php\/wp-json\/wp\/v2\/media?parent=2"}],"curies":[{"name":"wp","href":"https:\/\/api.w.org\/{rel}","templated":true}]}}